{"id":365,"date":"2025-11-11T11:48:53","date_gmt":"2025-11-11T10:48:53","guid":{"rendered":"https:\/\/ignitionprod.fr\/?page_id=365"},"modified":"2025-11-26T17:39:01","modified_gmt":"2025-11-26T16:39:01","slug":"nos-formations","status":"publish","type":"page","link":"https:\/\/ignitionprod.fr\/?page_id=365","title":{"rendered":"Nos formations"},"content":{"rendered":"\t\t<div data-elementor-type=\"wp-page\" data-elementor-id=\"365\" class=\"elementor elementor-365\">\n\t\t\t\t<div class=\"elementor-element elementor-element-e9cdcb6 e-grid e-con-boxed e-con e-parent\" data-id=\"e9cdcb6\" data-element_type=\"container\">\n\t\t\t\t\t<div class=\"e-con-inner\">\n\t\t<div class=\"elementor-element elementor-element-068d753 e-con-full e-flex e-con e-child\" data-id=\"068d753\" data-element_type=\"container\">\n\t\t\t\t<div class=\"elementor-element elementor-element-a1c7309 elementor-widget__width-initial elementor-widget elementor-widget-image\" data-id=\"a1c7309\" data-element_type=\"widget\" data-widget_type=\"image.default\">\n\t\t\t\t\t\t\t\t\t\t\t\t\t\t\t<img fetchpriority=\"high\" decoding=\"async\" width=\"724\" height=\"1024\" src=\"https:\/\/ignitionprod.fr\/wp-content\/uploads\/2025\/11\/Affiche-Poster-Evenement-Concours-de-Petanque-Simple-Moderne-Photo-Bleu-Rose-2-724x1024.png\" class=\"attachment-large size-large wp-image-380\" alt=\"\" srcset=\"https:\/\/ignitionprod.fr\/wp-content\/uploads\/2025\/11\/Affiche-Poster-Evenement-Concours-de-Petanque-Simple-Moderne-Photo-Bleu-Rose-2-724x1024.png 724w, https:\/\/ignitionprod.fr\/wp-content\/uploads\/2025\/11\/Affiche-Poster-Evenement-Concours-de-Petanque-Simple-Moderne-Photo-Bleu-Rose-2-212x300.png 212w, https:\/\/ignitionprod.fr\/wp-content\/uploads\/2025\/11\/Affiche-Poster-Evenement-Concours-de-Petanque-Simple-Moderne-Photo-Bleu-Rose-2-768x1086.png 768w, https:\/\/ignitionprod.fr\/wp-content\/uploads\/2025\/11\/Affiche-Poster-Evenement-Concours-de-Petanque-Simple-Moderne-Photo-Bleu-Rose-2-1086x1536.png 1086w, https:\/\/ignitionprod.fr\/wp-content\/uploads\/2025\/11\/Affiche-Poster-Evenement-Concours-de-Petanque-Simple-Moderne-Photo-Bleu-Rose-2-764x1080.png 764w, https:\/\/ignitionprod.fr\/wp-content\/uploads\/2025\/11\/Affiche-Poster-Evenement-Concours-de-Petanque-Simple-Moderne-Photo-Bleu-Rose-2.png 1414w\" sizes=\"(max-width: 724px) 100vw, 724px\" \/>\t\t\t\t\t\t\t\t\t\t\t\t\t\t\t<\/div>\n\t\t\t\t<\/div>\n\t\t\t\t<div class=\"elementor-element elementor-element-01cc0c0 elementor-widget elementor-widget-heading\" data-id=\"01cc0c0\" data-element_type=\"widget\" data-widget_type=\"heading.default\">\n\t\t\t\t\t<h2 class=\"elementor-heading-title elementor-size-default\"><br>PRISE DE PAROLE FACE CAM\u00c9RA<br><br>Apprendre \u00e0 parler avec naturel et impact devant une cam\u00e9ra, un journaliste ou pour une vid\u00e9o d\u2019entreprise.<br>Gr\u00e2ce \u00e0 des exercices pratiques, des simulations film\u00e9es et un accompagnement personnalis\u00e9, cette formation aide chaque participant \u00e0 ma\u00eetriser son image, sa voix et son message. <br>Les participants repartent avec une meilleure compr\u00e9hension de leur communication non verbale et une plus grande confiance devant l\u2019objectif. <br>Il s'agit de d\u00e9mystifier cet exercice inhabituel et de ne pas tomber des pi\u00e8ges classiques et de se sentir plus \u00e0 l'aise lors d'une interview.  <br><br>M\u00c9THODES P\u00c9DAGOGIQUES <br>Apprentissage par la pratique : chaque participant est film\u00e9 et b\u00e9n\u00e9ficie d\u2019un retour concret. <br> Approche bienveillante et personnalis\u00e9e : valorisation des atouts individuels <br>D\u00e9brief vid\u00e9o : analyse pr\u00e9cise du langage verbal et non verbal <br>Supports remis : fiche synth\u00e8se \u201cles bons r\u00e9flexes face cam\u00e9ra\u201d, grille d\u2019auto-\u00e9valuation <br><br>\u00c9QUIPEMENT TECHNIQUE UTILIS\u00c9 <br>Cam\u00e9ra professionnelle \/ lumi\u00e8re \/ micro-cravate <br>  \u00c9cran retour pour visionnage en direct <br>Captation des interventions pour restitution \u00e0 chaque stagiaire <br><br>CONTACT : christophe@ignitionprod.fr<\/h2>\t\t\t\t<\/div>\n\t\t\t\t\t<\/div>\n\t\t\t\t<\/div>\n\t\t<div class=\"elementor-element elementor-element-59ee708 e-grid e-con-boxed e-con e-parent\" data-id=\"59ee708\" data-element_type=\"container\">\n\t\t\t\t\t<div class=\"e-con-inner\">\n\t\t\t\t<div class=\"elementor-element elementor-element-617c1fb elementor-widget elementor-widget-image\" data-id=\"617c1fb\" data-element_type=\"widget\" data-widget_type=\"image.default\">\n\t\t\t\t\t\t\t\t\t\t\t\t\t\t\t<img decoding=\"async\" width=\"724\" height=\"1024\" src=\"https:\/\/ignitionprod.fr\/wp-content\/uploads\/2025\/11\/Black-Yellow-Modern-Exclusive-Furniture-Poster-1-724x1024.png\" class=\"attachment-large size-large wp-image-416\" alt=\"\" srcset=\"https:\/\/ignitionprod.fr\/wp-content\/uploads\/2025\/11\/Black-Yellow-Modern-Exclusive-Furniture-Poster-1-724x1024.png 724w, https:\/\/ignitionprod.fr\/wp-content\/uploads\/2025\/11\/Black-Yellow-Modern-Exclusive-Furniture-Poster-1-212x300.png 212w, https:\/\/ignitionprod.fr\/wp-content\/uploads\/2025\/11\/Black-Yellow-Modern-Exclusive-Furniture-Poster-1-768x1086.png 768w, https:\/\/ignitionprod.fr\/wp-content\/uploads\/2025\/11\/Black-Yellow-Modern-Exclusive-Furniture-Poster-1-1086x1536.png 1086w, https:\/\/ignitionprod.fr\/wp-content\/uploads\/2025\/11\/Black-Yellow-Modern-Exclusive-Furniture-Poster-1-1448x2048.png 1448w, https:\/\/ignitionprod.fr\/wp-content\/uploads\/2025\/11\/Black-Yellow-Modern-Exclusive-Furniture-Poster-1-763x1080.png 763w, https:\/\/ignitionprod.fr\/wp-content\/uploads\/2025\/11\/Black-Yellow-Modern-Exclusive-Furniture-Poster-1.png 1587w\" sizes=\"(max-width: 724px) 100vw, 724px\" \/>\t\t\t\t\t\t\t\t\t\t\t\t\t\t\t<\/div>\n\t\t\t\t<div class=\"elementor-element elementor-element-fd037b9 elementor-widget elementor-widget-heading\" data-id=\"fd037b9\" data-element_type=\"widget\" data-widget_type=\"heading.default\">\n\t\t\t\t\t<h2 class=\"elementor-heading-title elementor-size-default\">PREMIERS PAS FACE CAM\u00c9RA<br><br>OBJECTIFS :<br>  . Structurer son discours de mani\u00e8re claire et fluide<br>  . Identifier son intention de communication<br>  . Adapter son message \u00e0 la cible et au format (interne, externe, m\u00e9dias)<br><br>CONTENUS :<br>  1. Clarifier son message cl\u00e9<br>          . D\u00e9finir son objectif : informer, convaincre, inspirer, pr\u00e9senter<br>          . Identifier la cible : collaborateurs, partenaires, grand public, journalistes<br>          . Trouver l'id\u00e9e forte ou la phrase pivot de son intervention<br><br>  2. Structurer son discours<br>          . La r\u00e8gle des 3 temps : accroche \/ message \/ ouverture<br>          . Comment raconter une id\u00e9e simplement<br>          . \u00c9viter le jargon et simplifier sans d\u00e9naturer le fond<br>  <br>3. Adapter son langage audiovisuel<br>          . Diff\u00e9rence entre communication \u00e9crite, orale et film\u00e9e<br>          . Importance du ton, du rythme et des silences<br>          . Ajuster sa gestuelle et son \u00e9nergie selon le format<br><br>EXERCICES PRATIQUES :<br>R\u00e9daction et r\u00e9p\u00e9tition d'un message vid\u00e9o de 45 secondes (\"pr\u00e9senter votre activit\u00e9 en une phrase\").<br>Travail sur la clart\u00e9, le rythme et la sinc\u00e9rit\u00e9 du ton<\/h2>\t\t\t\t<\/div>\n\t\t\t\t\t<\/div>\n\t\t\t\t<\/div>\n\t\t\t\t<\/div>\n\t\t","protected":false},"excerpt":{"rendered":"<p>PRISE DE PAROLE FACE CAM\u00c9RA Apprendre \u00e0 parler avec naturel et impact devant une cam\u00e9ra, un journaliste ou pour une vid\u00e9o d\u2019entreprise.Gr\u00e2ce \u00e0 des exercices pratiques, des simulations film\u00e9es et un accompagnement personnalis\u00e9, cette formation aide chaque participant \u00e0 ma\u00eetriser son image, sa voix et son message. Les participants repartent avec une meilleure compr\u00e9hension de [&hellip;]<\/p>\n","protected":false},"author":1,"featured_media":0,"parent":0,"menu_order":0,"comment_status":"closed","ping_status":"closed","template":"","meta":{"_acf_changed":false,"saved_in_kubio":false,"footnotes":""},"class_list":["post-365","page","type-page","status-publish","hentry"],"acf":[],"kubio_ai_page_context":{"short_desc":"","purpose":"general"},"yoast_head":"<!-- This site is optimized with the Yoast SEO plugin v26.1 - https:\/\/yoast.com\/wordpress\/plugins\/seo\/ -->\n<title>Nos formations -<\/title>\n<meta name=\"robots\" content=\"index, follow, max-snippet:-1, max-image-preview:large, max-video-preview:-1\" \/>\n<link rel=\"canonical\" href=\"https:\/\/ignitionprod.fr\/?page_id=365\" \/>\n<meta property=\"og:locale\" content=\"fr_FR\" \/>\n<meta property=\"og:type\" content=\"article\" \/>\n<meta property=\"og:title\" content=\"Nos formations -\" \/>\n<meta property=\"og:description\" content=\"PRISE DE PAROLE FACE CAM\u00c9RA Apprendre \u00e0 parler avec naturel et impact devant une cam\u00e9ra, un journaliste ou pour une vid\u00e9o d\u2019entreprise.Gr\u00e2ce \u00e0 des exercices pratiques, des simulations film\u00e9es et un accompagnement personnalis\u00e9, cette formation aide chaque participant \u00e0 ma\u00eetriser son image, sa voix et son message. Les participants repartent avec une meilleure compr\u00e9hension de [&hellip;]\" \/>\n<meta property=\"og:url\" content=\"https:\/\/ignitionprod.fr\/?page_id=365\" \/>\n<meta property=\"article:publisher\" content=\"https:\/\/www.instagram.com\/ignitionprod\/\" \/>\n<meta property=\"article:modified_time\" content=\"2025-11-26T16:39:01+00:00\" \/>\n<meta property=\"og:image\" content=\"https:\/\/ignitionprod.fr\/wp-content\/uploads\/2025\/11\/Affiche-Poster-Evenement-Concours-de-Petanque-Simple-Moderne-Photo-Bleu-Rose-2.png\" \/>\n\t<meta property=\"og:image:width\" content=\"1414\" \/>\n\t<meta property=\"og:image:height\" content=\"2000\" \/>\n\t<meta property=\"og:image:type\" content=\"image\/png\" \/>\n<meta name=\"twitter:card\" content=\"summary_large_image\" \/>\n<meta name=\"twitter:label1\" content=\"Dur\u00e9e de lecture estim\u00e9e\" \/>\n\t<meta name=\"twitter:data1\" content=\"2 minutes\" \/>\n<script type=\"application\/ld+json\" class=\"yoast-schema-graph\">{\"@context\":\"https:\/\/schema.org\",\"@graph\":[{\"@type\":\"WebPage\",\"@id\":\"https:\/\/ignitionprod.fr\/?page_id=365\",\"url\":\"https:\/\/ignitionprod.fr\/?page_id=365\",\"name\":\"Nos formations -\",\"isPartOf\":{\"@id\":\"https:\/\/ignitionprod.fr\/#website\"},\"primaryImageOfPage\":{\"@id\":\"https:\/\/ignitionprod.fr\/?page_id=365#primaryimage\"},\"image\":{\"@id\":\"https:\/\/ignitionprod.fr\/?page_id=365#primaryimage\"},\"thumbnailUrl\":\"https:\/\/ignitionprod.fr\/wp-content\/uploads\/2025\/11\/Affiche-Poster-Evenement-Concours-de-Petanque-Simple-Moderne-Photo-Bleu-Rose-2-724x1024.png\",\"datePublished\":\"2025-11-11T10:48:53+00:00\",\"dateModified\":\"2025-11-26T16:39:01+00:00\",\"breadcrumb\":{\"@id\":\"https:\/\/ignitionprod.fr\/?page_id=365#breadcrumb\"},\"inLanguage\":\"fr-FR\",\"potentialAction\":[{\"@type\":\"ReadAction\",\"target\":[\"https:\/\/ignitionprod.fr\/?page_id=365\"]}]},{\"@type\":\"ImageObject\",\"inLanguage\":\"fr-FR\",\"@id\":\"https:\/\/ignitionprod.fr\/?page_id=365#primaryimage\",\"url\":\"https:\/\/ignitionprod.fr\/wp-content\/uploads\/2025\/11\/Affiche-Poster-Evenement-Concours-de-Petanque-Simple-Moderne-Photo-Bleu-Rose-2.png\",\"contentUrl\":\"https:\/\/ignitionprod.fr\/wp-content\/uploads\/2025\/11\/Affiche-Poster-Evenement-Concours-de-Petanque-Simple-Moderne-Photo-Bleu-Rose-2.png\",\"width\":1414,\"height\":2000},{\"@type\":\"BreadcrumbList\",\"@id\":\"https:\/\/ignitionprod.fr\/?page_id=365#breadcrumb\",\"itemListElement\":[{\"@type\":\"ListItem\",\"position\":1,\"name\":\"Accueil\",\"item\":\"https:\/\/ignitionprod.fr\/\"},{\"@type\":\"ListItem\",\"position\":2,\"name\":\"Nos formations\"}]},{\"@type\":\"WebSite\",\"@id\":\"https:\/\/ignitionprod.fr\/#website\",\"url\":\"https:\/\/ignitionprod.fr\/\",\"name\":\"Ignition Prod\",\"description\":\"\",\"publisher\":{\"@id\":\"https:\/\/ignitionprod.fr\/#organization\"},\"potentialAction\":[{\"@type\":\"SearchAction\",\"target\":{\"@type\":\"EntryPoint\",\"urlTemplate\":\"https:\/\/ignitionprod.fr\/?s={search_term_string}\"},\"query-input\":{\"@type\":\"PropertyValueSpecification\",\"valueRequired\":true,\"valueName\":\"search_term_string\"}}],\"inLanguage\":\"fr-FR\"},{\"@type\":\"Organization\",\"@id\":\"https:\/\/ignitionprod.fr\/#organization\",\"name\":\"Ignition Prod\",\"url\":\"https:\/\/ignitionprod.fr\/\",\"logo\":{\"@type\":\"ImageObject\",\"inLanguage\":\"fr-FR\",\"@id\":\"https:\/\/ignitionprod.fr\/#\/schema\/logo\/image\/\",\"url\":\"https:\/\/ignitionprod.fr\/wp-content\/uploads\/2025\/09\/cropped-Logo-moderne-dIgnition-Prod.png\",\"contentUrl\":\"https:\/\/ignitionprod.fr\/wp-content\/uploads\/2025\/09\/cropped-Logo-moderne-dIgnition-Prod.png\",\"width\":616,\"height\":250,\"caption\":\"Ignition Prod\"},\"image\":{\"@id\":\"https:\/\/ignitionprod.fr\/#\/schema\/logo\/image\/\"},\"sameAs\":[\"https:\/\/www.instagram.com\/ignitionprod\/\",\"https:\/\/www.linkedin.com\/company\/ignition-prod\/\"]}]}<\/script>\n<!-- \/ Yoast SEO plugin. -->","yoast_head_json":{"title":"Nos formations -","robots":{"index":"index","follow":"follow","max-snippet":"max-snippet:-1","max-image-preview":"max-image-preview:large","max-video-preview":"max-video-preview:-1"},"canonical":"https:\/\/ignitionprod.fr\/?page_id=365","og_locale":"fr_FR","og_type":"article","og_title":"Nos formations -","og_description":"PRISE DE PAROLE FACE CAM\u00c9RA Apprendre \u00e0 parler avec naturel et impact devant une cam\u00e9ra, un journaliste ou pour une vid\u00e9o d\u2019entreprise.Gr\u00e2ce \u00e0 des exercices pratiques, des simulations film\u00e9es et un accompagnement personnalis\u00e9, cette formation aide chaque participant \u00e0 ma\u00eetriser son image, sa voix et son message. Les participants repartent avec une meilleure compr\u00e9hension de [&hellip;]","og_url":"https:\/\/ignitionprod.fr\/?page_id=365","article_publisher":"https:\/\/www.instagram.com\/ignitionprod\/","article_modified_time":"2025-11-26T16:39:01+00:00","og_image":[{"width":1414,"height":2000,"url":"https:\/\/ignitionprod.fr\/wp-content\/uploads\/2025\/11\/Affiche-Poster-Evenement-Concours-de-Petanque-Simple-Moderne-Photo-Bleu-Rose-2.png","type":"image\/png"}],"twitter_card":"summary_large_image","twitter_misc":{"Dur\u00e9e de lecture estim\u00e9e":"2 minutes"},"schema":{"@context":"https:\/\/schema.org","@graph":[{"@type":"WebPage","@id":"https:\/\/ignitionprod.fr\/?page_id=365","url":"https:\/\/ignitionprod.fr\/?page_id=365","name":"Nos formations -","isPartOf":{"@id":"https:\/\/ignitionprod.fr\/#website"},"primaryImageOfPage":{"@id":"https:\/\/ignitionprod.fr\/?page_id=365#primaryimage"},"image":{"@id":"https:\/\/ignitionprod.fr\/?page_id=365#primaryimage"},"thumbnailUrl":"https:\/\/ignitionprod.fr\/wp-content\/uploads\/2025\/11\/Affiche-Poster-Evenement-Concours-de-Petanque-Simple-Moderne-Photo-Bleu-Rose-2-724x1024.png","datePublished":"2025-11-11T10:48:53+00:00","dateModified":"2025-11-26T16:39:01+00:00","breadcrumb":{"@id":"https:\/\/ignitionprod.fr\/?page_id=365#breadcrumb"},"inLanguage":"fr-FR","potentialAction":[{"@type":"ReadAction","target":["https:\/\/ignitionprod.fr\/?page_id=365"]}]},{"@type":"ImageObject","inLanguage":"fr-FR","@id":"https:\/\/ignitionprod.fr\/?page_id=365#primaryimage","url":"https:\/\/ignitionprod.fr\/wp-content\/uploads\/2025\/11\/Affiche-Poster-Evenement-Concours-de-Petanque-Simple-Moderne-Photo-Bleu-Rose-2.png","contentUrl":"https:\/\/ignitionprod.fr\/wp-content\/uploads\/2025\/11\/Affiche-Poster-Evenement-Concours-de-Petanque-Simple-Moderne-Photo-Bleu-Rose-2.png","width":1414,"height":2000},{"@type":"BreadcrumbList","@id":"https:\/\/ignitionprod.fr\/?page_id=365#breadcrumb","itemListElement":[{"@type":"ListItem","position":1,"name":"Accueil","item":"https:\/\/ignitionprod.fr\/"},{"@type":"ListItem","position":2,"name":"Nos formations"}]},{"@type":"WebSite","@id":"https:\/\/ignitionprod.fr\/#website","url":"https:\/\/ignitionprod.fr\/","name":"Ignition Prod","description":"","publisher":{"@id":"https:\/\/ignitionprod.fr\/#organization"},"potentialAction":[{"@type":"SearchAction","target":{"@type":"EntryPoint","urlTemplate":"https:\/\/ignitionprod.fr\/?s={search_term_string}"},"query-input":{"@type":"PropertyValueSpecification","valueRequired":true,"valueName":"search_term_string"}}],"inLanguage":"fr-FR"},{"@type":"Organization","@id":"https:\/\/ignitionprod.fr\/#organization","name":"Ignition Prod","url":"https:\/\/ignitionprod.fr\/","logo":{"@type":"ImageObject","inLanguage":"fr-FR","@id":"https:\/\/ignitionprod.fr\/#\/schema\/logo\/image\/","url":"https:\/\/ignitionprod.fr\/wp-content\/uploads\/2025\/09\/cropped-Logo-moderne-dIgnition-Prod.png","contentUrl":"https:\/\/ignitionprod.fr\/wp-content\/uploads\/2025\/09\/cropped-Logo-moderne-dIgnition-Prod.png","width":616,"height":250,"caption":"Ignition Prod"},"image":{"@id":"https:\/\/ignitionprod.fr\/#\/schema\/logo\/image\/"},"sameAs":["https:\/\/www.instagram.com\/ignitionprod\/","https:\/\/www.linkedin.com\/company\/ignition-prod\/"]}]}},"_links":{"self":[{"href":"https:\/\/ignitionprod.fr\/index.php?rest_route=\/wp\/v2\/pages\/365","targetHints":{"allow":["GET"]}}],"collection":[{"href":"https:\/\/ignitionprod.fr\/index.php?rest_route=\/wp\/v2\/pages"}],"about":[{"href":"https:\/\/ignitionprod.fr\/index.php?rest_route=\/wp\/v2\/types\/page"}],"author":[{"embeddable":true,"href":"https:\/\/ignitionprod.fr\/index.php?rest_route=\/wp\/v2\/users\/1"}],"replies":[{"embeddable":true,"href":"https:\/\/ignitionprod.fr\/index.php?rest_route=%2Fwp%2Fv2%2Fcomments&post=365"}],"version-history":[{"count":46,"href":"https:\/\/ignitionprod.fr\/index.php?rest_route=\/wp\/v2\/pages\/365\/revisions"}],"predecessor-version":[{"id":432,"href":"https:\/\/ignitionprod.fr\/index.php?rest_route=\/wp\/v2\/pages\/365\/revisions\/432"}],"wp:attachment":[{"href":"https:\/\/ignitionprod.fr\/index.php?rest_route=%2Fwp%2Fv2%2Fmedia&parent=365"}],"curies":[{"name":"wp","href":"https:\/\/api.w.org\/{rel}","templated":true}]}}